{"id":1779,"date":"2025-04-25T16:55:52","date_gmt":"2025-04-25T16:55:52","guid":{"rendered":"https:\/\/directorioholistico.es\/?post_type=product&#038;p=1779"},"modified":"2025-04-25T21:22:00","modified_gmt":"2025-04-25T21:22:00","slug":"consulta-karen-diez-online-paquete-4-sesiones-horas-4-sesiones-de-2-horas-cada-una-copy","status":"publish","type":"product","link":"https:\/\/directorioholistico.es\/en\/producto\/consulta-karen-diez-online-paquete-4-sesiones-horas-4-sesiones-de-2-horas-cada-una-copy\/","title":{"rendered":"Consulta Karen Diez Online &#8211; Paquete 4 sesiones (la sesi\u00f3n dura 2 horas)"},"content":{"rendered":"<div class=\"v1elementToProof\">Paquete de 8 horas en total (4 sesiones de 2 horas cada una). Si la sesi\u00f3n se extiende por m\u00e1s de 2 horas se cobra la hora aparte por 65 euros.<\/div>\n","protected":false},"excerpt":{"rendered":"<p>En este paquete de 4 sesiones, Karen Diez, Terapeuta Hol\u00edstica especializada en sanaci\u00f3n emocional y crecimiento personal, te acompa\u00f1a en un proceso profundo y personalizado. A trav\u00e9s de plataformas como Zoom, videollamada o FaceTime, trabajar\u00e1s en liberar bloqueos, sanar heridas del pasado y transformar creencias limitantes para vivir con mayor equilibrio y armon\u00eda.<\/p>\n","protected":false},"featured_media":1789,"template":"","meta":{"rank_math_lock_modified_date":false,"_kad_post_transparent":"default","_kad_post_title":"","_kad_post_layout":"default","_kad_post_sidebar_id":"","_kad_post_content_style":"default","_kad_post_vertical_padding":"default","_kad_post_feature":"","_kad_post_feature_position":"","_kad_post_header":false,"_kad_post_footer":false},"product_cat":[179,238],"product_tag":[],"class_list":{"0":"post-1779","1":"product","2":"type-product","3":"status-publish","4":"has-post-thumbnail","6":"product_cat-consulta-por-correo","7":"product_cat-category-5","9":"first","10":"instock","11":"virtual","12":"sold-individually","13":"purchasable","14":"product-type-simple","15":"entry","16":"content-bg","17":"loop-entry"},"_links":{"self":[{"href":"https:\/\/directorioholistico.es\/en\/wp-json\/wp\/v2\/product\/1779","targetHints":{"allow":["GET"]}}],"collection":[{"href":"https:\/\/directorioholistico.es\/en\/wp-json\/wp\/v2\/product"}],"about":[{"href":"https:\/\/directorioholistico.es\/en\/wp-json\/wp\/v2\/types\/product"}],"wp:featuredmedia":[{"embeddable":true,"href":"https:\/\/directorioholistico.es\/en\/wp-json\/wp\/v2\/media\/1789"}],"wp:attachment":[{"href":"https:\/\/directorioholistico.es\/en\/wp-json\/wp\/v2\/media?parent=1779"}],"wp:term":[{"taxonomy":"product_cat","embeddable":true,"href":"https:\/\/directorioholistico.es\/en\/wp-json\/wp\/v2\/product_cat?post=1779"},{"taxonomy":"product_tag","embeddable":true,"href":"https:\/\/directorioholistico.es\/en\/wp-json\/wp\/v2\/product_tag?post=1779"}],"curies":[{"name":"wp","href":"https:\/\/api.w.org\/{rel}","templated":true}]}}